{"id":465,"date":"2012-06-18T16:49:21","date_gmt":"2012-06-18T14:49:21","guid":{"rendered":"http:\/\/www.frenchcourses-paris.com\/?page_id=465"},"modified":"2025-02-12T16:15:40","modified_gmt":"2025-02-12T15:15:40","slug":"lecons-privees-de-francais-a-paris-faq","status":"publish","type":"page","link":"https:\/\/www.frenchcourses-paris.com\/fr\/lecons-privees-de-francais-a-paris-faq\/","title":{"rendered":"Questions fr\u00e9quentes sur nos le\u00e7ons priv\u00e9es de fran\u00e7ais \u00e0 Paris"},"content":{"rendered":"\n<h1 class=\"wp-block-heading\"><span style=\"color: #d22d54;\"><strong>Questions fr\u00e9quentes sur nos le\u00e7ons priv\u00e9es de fran\u00e7ais \u00e0 Paris<\/strong><\/span><\/h1>\n\n\n\n<figure class=\"wp-block-image aligncenter\"><img decoding=\"async\" width=\"920\" height=\"303\" sizes=\"(max-width: 920px) 100vw, 920px\" src=\"https:\/\/www.frenchcourses-paris.com\/images\/2012\/06\/your-private-french-classes-in-paris.jpg\" alt=\"Le\u00e7ons priv\u00e9es de fran\u00e7ais \u00e0 Paris - Cours particuliers de fran\u00e7ais \u00e0 Paris \" class=\"wp-image-11497\" srcset=\"https:\/\/www.frenchcourses-paris.com\/images\/2012\/06\/your-private-french-classes-in-paris.jpg 920w, https:\/\/www.frenchcourses-paris.com\/images\/2012\/06\/your-private-french-classes-in-paris-600x198.jpg 600w, https:\/\/www.frenchcourses-paris.com\/images\/2012\/06\/your-private-french-classes-in-paris-300x98.jpg 300w\" \/><\/figure>\n\n\n\n<h2 class=\"wp-block-heading\"><strong>Les le\u00e7ons priv\u00e9es de fran\u00e7ais \u00e0 Paris sont-elles donn\u00e9es en fran\u00e7ais ?<\/strong><\/h2>\n\n\n\n<p>Nous vous conseillons d\u2019apprendre le fran\u00e7ais en immersion totale. Cependant, vous \u00eates libres de choisir la langue d\u2019apprentissage qui vous convient. Les le\u00e7ons priv\u00e9es de fran\u00e7ais \u00e0 Paris peuvent exceptionnellement \u00eatre dispens\u00e9es en anglais sur simple demande de votre part. Cette information sera indiqu\u00e9e dans votre programme de cours.<\/p>\n\n\n\n<h2 class=\"wp-block-heading\"><strong>Puis-je suivre un cours d\u2019essai avant de m\u2019inscrire aux le\u00e7ons priv\u00e9es de fran\u00e7ais \u00e0 Paris ?<\/strong><\/h2>\n\n\n\n<p>Vous \u00eates libres de suivre un cours d\u2019essai (factur\u00e9 lors de l\u2019inscription) avant de vous inscrire \u00e0 une session.<br>Nos tarifs sont d\u00e9gressifs en fonction du nombre de cours r\u00e9serv\u00e9s.<br>Toute r\u00e9servation doit \u00eatre effectu\u00e9e au moins 48h avant le d\u00e9but du cours.<\/p>\n\n\n\n<h2 class=\"wp-block-heading\"><strong>Mes besoins et objectifs sp\u00e9cifiques seront-ils pris en compte ?<\/strong><\/h2>\n\n\n\n<p>D\u00e8s le premier cours particulier de fran\u00e7ais \u00e0 Paris, nous conduisons un entretien individuel, destin\u00e9 \u00e0 \u00e9valuer votre niveau de fran\u00e7ais, vos besoins et vos objectifs sp\u00e9cifiques. Nous vous proposons ensuite un projet de formation adapt\u00e9. Un professeur exp\u00e9riment\u00e9 de langue maternelle fran\u00e7aise, r\u00e9ceptif \u00e0 toutes vos demandes et\/ou suggestions, vous guide dans votre parcours d\u2019apprentissage et le choix de vos cours particuliers de fran\u00e7ais \u00e0 Paris, vous donne des conseils de m\u00e9thode pour r\u00e9ussir et vous aide \u00e0 garder le cap sur vos objectifs.<\/p>\n\n\n\n<h2 class=\"wp-block-heading\"><strong>Puis-je rattraper les le\u00e7ons priv\u00e9es de fran\u00e7ais \u00e0 Paris auxquelles je n\u2019ai pas pu assister ?<\/strong><\/h2>\n\n\n\n<p>Toute annulation ou demande de report d\u2019un cours particulier de fran\u00e7ais doit \u00eatre effectu\u00e9e dans un d\u00e9lai inf\u00e9rieur \u00e0 <strong>48h avant le d\u00e9but de votre cours<\/strong>. Aucun remboursement ou report de cours n\u2019est possible apr\u00e8s ce d\u00e9lai.<\/p>\n\n\n\n<h2 class=\"wp-block-heading\"><strong>Dois-je faire l\u2019acquisition d\u2019un manuel ?<\/strong><\/h2>\n\n\n\n<p>Tout le mat\u00e9riel de votre formation vous sera remis par votre professeur de FLE. Toutefois, \u00e9tant donn\u00e9 que nombre de nos \u00e9tudiants pr\u00e9f\u00e8rent utiliser leur propre manuel, nous pouvons, sur simple demande, vous commander une m\u00e9thode de fran\u00e7ais que vous pourrez utiliser \u00e0 chaque cours.<\/p>\n\n\n\n<h2 class=\"wp-block-heading\"><strong>Des devoirs sont-ils pr\u00e9vus ?<\/strong><\/h2>\n\n\n\n<p>Des devoirs ne sont pas n\u00e9cessairement donn\u00e9s \u00e0 chaque cours. Cependant, afin de soutenir votre progression, nous vous conseillons de consacrer 15 minutes, 4 \u00e0 5 jours par semaine \u00e0 la relecture de vos cours particuliers de fran\u00e7ais \u00e0 Paris.<\/p>\n\n\n\n<h2 class=\"wp-block-heading\"><strong>Pr\u00e9parez-vous vos \u00e9tudiants aux examens de fran\u00e7ais ?<\/strong><\/h2>\n\n\n\n<p>Nous pr\u00e9parons nos \u00e9tudiants aux examens de fran\u00e7ais comme&nbsp;le DELF, le DALF et le TCF. Nous pouvons \u00e9galement vous entra\u00eener aux \u00e9preuves linguistiques de vos concours et examens universitaires ou professionnels.<a href=\"http:\/\/guide.arfooo.com\/\"><br><\/a><br><a href=\"http:\/\/guide.arfooo.com\/enseignement-formation\/\">Guide Arfooo &#8211; Enseignement &amp; formation<\/a><\/p>\n","protected":false},"excerpt":{"rendered":"<p>Questions fr\u00e9quentes sur nos le\u00e7ons priv\u00e9es de fran\u00e7ais \u00e0 Paris Les le\u00e7ons priv\u00e9es de fran\u00e7ais \u00e0 Paris sont-elles donn\u00e9es en [&hellip;]<\/p>\n","protected":false},"author":3,"featured_media":0,"parent":0,"menu_order":2,"comment_status":"closed","ping_status":"closed","template":"","meta":{"_uag_custom_page_level_css":"","_lmt_disableupdate":"no","_lmt_disable":"","site-sidebar-layout":"default","site-content-layout":"","ast-site-content-layout":"default","site-content-style":"default","site-sidebar-style":"default","ast-global-header-display":"","ast-banner-title-visibility":"","ast-main-header-display":"","ast-hfb-above-header-display":"","ast-hfb-below-header-display":"","ast-hfb-mobile-header-display":"","site-post-title":"","ast-breadcrumbs-content":"","ast-featured-img":"","footer-sml-layout":"","ast-disable-related-posts":"","theme-transparent-header-meta":"","adv-header-id-meta":"","stick-header-meta":"","header-above-stick-meta":"","header-main-stick-meta":"","header-below-stick-meta":"","astra-migrate-meta-layouts":"default","ast-page-background-enabled":"default","ast-page-background-meta":{"desktop":{"background-color":"var(--ast-global-color-4)","background-image":"","background-repeat":"repeat","background-position":"center center","background-size":"auto","background-attachment":"scroll","background-type":"","background-media":"","overlay-type":"","overlay-color":"","overlay-opacity":"","overlay-gradient":""},"tablet":{"background-color":"","background-image":"","background-repeat":"repeat","background-position":"center center","background-size":"auto","background-attachment":"scroll","background-type":"","background-media":"","overlay-type":"","overlay-color":"","overlay-opacity":"","overlay-gradient":""},"mobile":{"background-color":"","background-image":"","background-repeat":"repeat","background-position":"center center","background-size":"auto","background-attachment":"scroll","background-type":"","background-media":"","overlay-type":"","overlay-color":"","overlay-opacity":"","overlay-gradient":""}},"ast-content-background-meta":{"desktop":{"background-color":"var(--ast-global-color-5)","background-image":"","background-repeat":"repeat","background-position":"center center","background-size":"auto","background-attachment":"scroll","background-type":"","background-media":"","overlay-type":"","overlay-color":"","overlay-opacity":"","overlay-gradient":""},"tablet":{"background-color":"var(--ast-global-color-5)","background-image":"","background-repeat":"repeat","background-position":"center center","background-size":"auto","background-attachment":"scroll","background-type":"","background-media":"","overlay-type":"","overlay-color":"","overlay-opacity":"","overlay-gradient":""},"mobile":{"background-color":"var(--ast-global-color-5)","background-image":"","background-repeat":"repeat","background-position":"center center","background-size":"auto","background-attachment":"scroll","background-type":"","background-media":"","overlay-type":"","overlay-color":"","overlay-opacity":"","overlay-gradient":""}},"footnotes":""},"class_list":["post-465","page","type-page","status-publish","hentry"],"aioseo_notices":[],"uagb_featured_image_src":{"full":false,"thumbnail":false,"medium":false,"medium_large":false,"large":false,"1536x1536":false,"2048x2048":false},"uagb_author_info":{"display_name":"Caroline","author_link":"https:\/\/www.frenchcourses-paris.com\/fr\/author\/caroline\/"},"uagb_comment_info":0,"uagb_excerpt":"Questions fr\u00e9quentes sur nos le\u00e7ons priv\u00e9es de fran\u00e7ais \u00e0 Paris Les le\u00e7ons priv\u00e9es de fran\u00e7ais \u00e0 Paris sont-elles donn\u00e9es en [&hellip;]","_links":{"self":[{"href":"https:\/\/www.frenchcourses-paris.com\/fr\/wp-json\/wp\/v2\/pages\/465","targetHints":{"allow":["GET"]}}],"collection":[{"href":"https:\/\/www.frenchcourses-paris.com\/fr\/wp-json\/wp\/v2\/pages"}],"about":[{"href":"https:\/\/www.frenchcourses-paris.com\/fr\/wp-json\/wp\/v2\/types\/page"}],"author":[{"embeddable":true,"href":"https:\/\/www.frenchcourses-paris.com\/fr\/wp-json\/wp\/v2\/users\/3"}],"replies":[{"embeddable":true,"href":"https:\/\/www.frenchcourses-paris.com\/fr\/wp-json\/wp\/v2\/comments?post=465"}],"version-history":[{"count":3,"href":"https:\/\/www.frenchcourses-paris.com\/fr\/wp-json\/wp\/v2\/pages\/465\/revisions"}],"predecessor-version":[{"id":20544,"href":"https:\/\/www.frenchcourses-paris.com\/fr\/wp-json\/wp\/v2\/pages\/465\/revisions\/20544"}],"wp:attachment":[{"href":"https:\/\/www.frenchcourses-paris.com\/fr\/wp-json\/wp\/v2\/media?parent=465"}],"curies":[{"name":"wp","href":"https:\/\/api.w.org\/{rel}","templated":true}]}}