{"id":405,"date":"2012-06-18T17:06:09","date_gmt":"2012-06-18T15:06:09","guid":{"rendered":"http:\/\/www.frenchcourses-paris.com\/?page_id=405"},"modified":"2025-10-12T19:40:57","modified_gmt":"2025-10-12T17:40:57","slug":"cours-particuliers-de-francais-a-paris","status":"publish","type":"page","link":"https:\/\/www.frenchcourses-paris.com\/fr\/cours-particuliers-de-francais-a-paris\/","title":{"rendered":"Contactez-nous"},"content":{"rendered":"\n<div style=\"height:20px\" aria-hidden=\"true\" class=\"wp-block-spacer\"><\/div>\n\n\n\n<h1 class=\"wp-block-heading has-text-align-center\">Commencer des cours particuliers de fran\u00e7ais \u00e0 Paris, c&rsquo;est facile !<br>Contactez-nous d\u00e8s aujourd&rsquo;hui<\/h1>\n\n\n\n<div style=\"height:32px\" aria-hidden=\"true\" class=\"wp-block-spacer\"><\/div>\n\n\n\n<div class=\"wp-block-media-text has-media-on-the-right is-stacked-on-mobile is-vertically-aligned-top\" style=\"grid-template-columns:auto 23%\"><div class=\"wp-block-media-text__content\">\n<p class=\"has-text-align-left has-medium-font-size\">Que vous soyez un d\u00e9butant complet ou un francophone avanc\u00e9, nous proposons le programme id\u00e9al pour r\u00e9pondre \u00e0 vos besoins. Nous concevons des cours particuliers de fran\u00e7ais personnalis\u00e9s \u00e0 Paris, adapt\u00e9s \u00e0 vos objectifs, vos centres d&rsquo;int\u00e9r\u00eat, votre emploi du temps et votre style d&rsquo;apprentissage pr\u00e9f\u00e9r\u00e9.<\/p>\n\n\n\n<p class=\"has-medium-font-size\">Avec des cours priv\u00e9s de fran\u00e7ais \u00e0 Paris, dispens\u00e9s dans un environnement stimulant et convivial, vous aurez d&rsquo;innombrables occasions de pratiquer et d&rsquo;am\u00e9liorer votre fran\u00e7ais. \u00c9tudiez avec un professeur exp\u00e9riment\u00e9, obtenez des r\u00e9ponses \u00e0 toutes vos questions, et progressez significativement en expression et compr\u00e9hension orale.<\/p>\n\n\n\n<p class=\"has-text-align-left has-medium-font-size\">Utilisez le formulaire de contact ci-dessous pour nous parler de vos objectifs d\u2019apprentissage et de votre niveau actuel en langue. N\u2019h\u00e9sitez pas \u00e0 inclure votre localisation, vos disponibilit\u00e9s, ainsi que le nombre de cours particuliers de fran\u00e7ais que vous souhaitez r\u00e9server. \u00c0 bient\u00f4t !<\/p>\n\n\n\n<div class=\"wpcf7 no-js\" id=\"wpcf7-f18203-o1\" lang=\"fr-FR\" dir=\"ltr\" data-wpcf7-id=\"18203\">\n<div class=\"screen-reader-response\"><p role=\"status\" aria-live=\"polite\" aria-atomic=\"true\"><\/p> <ul><\/ul><\/div>\n<form action=\"\/fr\/wp-json\/wp\/v2\/pages\/405#wpcf7-f18203-o1\" method=\"post\" class=\"wpcf7-form init\" aria-label=\"Formulaire de contact\" novalidate=\"novalidate\" data-status=\"init\">\n<fieldset class=\"hidden-fields-container\"><input type=\"hidden\" name=\"_wpcf7\" value=\"18203\" \/><input type=\"hidden\" name=\"_wpcf7_version\" value=\"6.1.5\" \/><input type=\"hidden\" name=\"_wpcf7_locale\" value=\"fr_FR\" \/><input type=\"hidden\" name=\"_wpcf7_unit_tag\" value=\"wpcf7-f18203-o1\" \/><input type=\"hidden\" name=\"_wpcf7_container_post\" value=\"0\" \/><input type=\"hidden\" name=\"_wpcf7_posted_data_hash\" value=\"\" \/>\n<\/fieldset>\n<div class=\"wpcf7-turnstile cf-turnstile\" data-sitekey=\"0x4AAAAAAB21wQPi1j-YEsbD\" data-response-field-name=\"_wpcf7_turnstile_response\"><\/div>\n\n<p><label> Your Name<br \/>\n<span class=\"wpcf7-form-control-wrap\" data-name=\"your-name\"><input size=\"40\" maxlength=\"400\" class=\"wpcf7-form-control wpcf7-text wpcf7-validates-as-required\" autocomplete=\"name\" aria-required=\"true\" aria-invalid=\"false\" value=\"\" type=\"text\" name=\"your-name\" \/><\/span> <\/label>\n<\/p>\n<p><label> Your email<br \/>\n<span class=\"wpcf7-form-control-wrap\" data-name=\"your-email\"><input size=\"40\" maxlength=\"400\" class=\"wpcf7-form-control wpcf7-email wpcf7-validates-as-required wpcf7-text wpcf7-validates-as-email\" autocomplete=\"email\" aria-required=\"true\" aria-invalid=\"false\" value=\"\" type=\"email\" name=\"your-email\" \/><\/span> <\/label>\n<\/p>\n<p><label> Object<br \/>\n<span class=\"wpcf7-form-control-wrap\" data-name=\"your-subject\"><input size=\"40\" maxlength=\"400\" class=\"wpcf7-form-control wpcf7-text wpcf7-validates-as-required\" aria-required=\"true\" aria-invalid=\"false\" value=\"\" type=\"text\" name=\"your-subject\" \/><\/span> <\/label>\n<\/p>\n<p><label> Your Message<br \/>\n<span class=\"wpcf7-form-control-wrap\" data-name=\"your-message\"><textarea cols=\"40\" rows=\"10\" maxlength=\"2000\" class=\"wpcf7-form-control wpcf7-textarea\" aria-invalid=\"false\" name=\"your-message\"><\/textarea><\/span> <\/label>\n<\/p>\n\n<!-- CAPTCHA Turnstile -->\n<div class=\"cf-turnstile\" data-sitekey=\"votre-cl\u00e9-de-site\">\n<\/div>\n<p><div class=\"cf7-cf-turnstile\" style=\"margin-top: 0px; margin-bottom: -15px;\"> <div id=\"cf-turnstile-cf7-2374965207\" class=\"cf-turnstile\" data-sitekey=\"0x4AAAAAAB21wQPi1j-YEsbD\" data-theme=\"light\" data-language=\"auto\" data-size=\"flexible\" data-retry=\"auto\" data-retry-interval=\"1000\" data-refresh-expired=\"auto\" data-refresh-timeout=\"auto\" data-action=\"contact-form-7\" data-callback=\"turnstileCF7Callback\" data-appearance=\"interaction-only\"><\/div> <script>document.addEventListener(\"DOMContentLoaded\", function() { setTimeout(function(){ var e=document.getElementById(\"cf-turnstile-cf7-2374965207\"); if(e&&!e.innerHTML.trim()){turnstile.render(e, {sitekey:\"0x4AAAAAAB21wQPi1j-YEsbD\"});} }, 200); });<\/script> <style>#cf-turnstile-cf7-2374965207 iframe { margin-bottom: 15px; }<\/style> <style>#cf-turnstile-cf7-2374965207 { margin-left: -15px; }<\/style> <script>document.addEventListener(\"DOMContentLoaded\",function(){document.querySelectorAll('.wpcf7-form').forEach(function(e){e.addEventListener('submit',function(){if(document.getElementById('cf-turnstile-cf7-2374965207')){setTimeout(function(){turnstile.reset('#cf-turnstile-cf7-2374965207');},1000)}})})});<\/script> <\/div><br\/><input class=\"wpcf7-form-control wpcf7-submit has-spinner\" type=\"submit\" value=\"Send\" \/>\n<\/p><div class=\"wpcf7-response-output\" aria-hidden=\"true\"><\/div>\n<\/form>\n<\/div>\n\n<\/div><figure class=\"wp-block-media-text__media\"><img decoding=\"async\" width=\"300\" height=\"300\" src=\"https:\/\/www.frenchcourses-paris.com\/images\/2020\/08\/message-sent-5-300x300.png\" alt=\"Caroline's private French classes in Paris are tailored for adult learners seeking improvements in communication skills, grammar, and pronunciation.\" class=\"wp-image-13509 size-full\" srcset=\"https:\/\/www.frenchcourses-paris.com\/images\/2020\/08\/message-sent-5-300x300.png 300w, https:\/\/www.frenchcourses-paris.com\/images\/2020\/08\/message-sent-5-150x150.png 150w, https:\/\/www.frenchcourses-paris.com\/images\/2020\/08\/message-sent-5-768x768.png 768w, https:\/\/www.frenchcourses-paris.com\/images\/2020\/08\/message-sent-5.png 912w\" sizes=\"(max-width: 300px) 100vw, 300px\" \/><\/figure><\/div>\n\n\n\n<div style=\"height:15px\" aria-hidden=\"true\" class=\"wp-block-spacer\"><\/div>\n\n\n\n<p><\/p>\n\n\n\n<div style=\"height:20px\" aria-hidden=\"true\" class=\"wp-block-spacer\"><\/div>\n","protected":false},"excerpt":{"rendered":"<p>Caroline&rsquo;s private French tutoring in Paris is available from beginner to advanced levels. With her French classes, be ready to make significant progress and to work on specific areas of the language. You&rsquo;ll study with a passionate tutor, have all your questions answered, and see a great improvement in your speaking skills.<\/p>\n","protected":false},"author":3,"featured_media":0,"parent":0,"menu_order":4,"comment_status":"closed","ping_status":"closed","template":"","meta":{"_uag_custom_page_level_css":"","_lmt_disableupdate":"no","_lmt_disable":"","site-sidebar-layout":"default","site-content-layout":"","ast-site-content-layout":"default","site-content-style":"default","site-sidebar-style":"default","ast-global-header-display":"","ast-banner-title-visibility":"","ast-main-header-display":"","ast-hfb-above-header-display":"","ast-hfb-below-header-display":"","ast-hfb-mobile-header-display":"","site-post-title":"disabled","ast-breadcrumbs-content":"","ast-featured-img":"","footer-sml-layout":"","ast-disable-related-posts":"","theme-transparent-header-meta":"","adv-header-id-meta":"","stick-header-meta":"","header-above-stick-meta":"","header-main-stick-meta":"","header-below-stick-meta":"","astra-migrate-meta-layouts":"default","ast-page-background-enabled":"default","ast-page-background-meta":{"desktop":{"background-color":"var(--ast-global-color-4)","background-image":"","background-repeat":"repeat","background-position":"center center","background-size":"auto","background-attachment":"scroll","background-type":"","background-media":"","overlay-type":"","overlay-color":"","overlay-opacity":"","overlay-gradient":""},"tablet":{"background-color":"","background-image":"","background-repeat":"repeat","background-position":"center center","background-size":"auto","background-attachment":"scroll","background-type":"","background-media":"","overlay-type":"","overlay-color":"","overlay-opacity":"","overlay-gradient":""},"mobile":{"background-color":"","background-image":"","background-repeat":"repeat","background-position":"center center","background-size":"auto","background-attachment":"scroll","background-type":"","background-media":"","overlay-type":"","overlay-color":"","overlay-opacity":"","overlay-gradient":""}},"ast-content-background-meta":{"desktop":{"background-color":"var(--ast-global-color-5)","background-image":"","background-repeat":"repeat","background-position":"center center","background-size":"auto","background-attachment":"scroll","background-type":"","background-media":"","overlay-type":"","overlay-color":"","overlay-opacity":"","overlay-gradient":""},"tablet":{"background-color":"var(--ast-global-color-5)","background-image":"","background-repeat":"repeat","background-position":"center center","background-size":"auto","background-attachment":"scroll","background-type":"","background-media":"","overlay-type":"","overlay-color":"","overlay-opacity":"","overlay-gradient":""},"mobile":{"background-color":"var(--ast-global-color-5)","background-image":"","background-repeat":"repeat","background-position":"center center","background-size":"auto","background-attachment":"scroll","background-type":"","background-media":"","overlay-type":"","overlay-color":"","overlay-opacity":"","overlay-gradient":""}},"footnotes":""},"class_list":["post-405","page","type-page","status-publish","hentry"],"aioseo_notices":[],"uagb_featured_image_src":{"full":false,"thumbnail":false,"medium":false,"medium_large":false,"large":false,"1536x1536":false,"2048x2048":false},"uagb_author_info":{"display_name":"Caroline","author_link":"https:\/\/www.frenchcourses-paris.com\/fr\/author\/caroline\/"},"uagb_comment_info":0,"uagb_excerpt":"Caroline's private French tutoring in Paris is available from beginner to advanced levels. With her French classes, be ready to make significant progress and to work on specific areas of the language. You'll study with a passionate tutor, have all your questions answered, and see a great improvement in your speaking skills.","_links":{"self":[{"href":"https:\/\/www.frenchcourses-paris.com\/fr\/wp-json\/wp\/v2\/pages\/405","targetHints":{"allow":["GET"]}}],"collection":[{"href":"https:\/\/www.frenchcourses-paris.com\/fr\/wp-json\/wp\/v2\/pages"}],"about":[{"href":"https:\/\/www.frenchcourses-paris.com\/fr\/wp-json\/wp\/v2\/types\/page"}],"author":[{"embeddable":true,"href":"https:\/\/www.frenchcourses-paris.com\/fr\/wp-json\/wp\/v2\/users\/3"}],"replies":[{"embeddable":true,"href":"https:\/\/www.frenchcourses-paris.com\/fr\/wp-json\/wp\/v2\/comments?post=405"}],"version-history":[{"count":30,"href":"https:\/\/www.frenchcourses-paris.com\/fr\/wp-json\/wp\/v2\/pages\/405\/revisions"}],"predecessor-version":[{"id":20482,"href":"https:\/\/www.frenchcourses-paris.com\/fr\/wp-json\/wp\/v2\/pages\/405\/revisions\/20482"}],"wp:attachment":[{"href":"https:\/\/www.frenchcourses-paris.com\/fr\/wp-json\/wp\/v2\/media?parent=405"}],"curies":[{"name":"wp","href":"https:\/\/api.w.org\/{rel}","templated":true}]}}