{"id":370,"date":"2012-06-18T14:49:30","date_gmt":"2012-06-18T12:49:30","guid":{"rendered":"http:\/\/www.frenchcourses-paris.com\/?page_id=370"},"modified":"2026-02-10T08:27:24","modified_gmt":"2026-02-10T07:27:24","slug":"cours-particuliers-de-francais-a-paris-2","status":"publish","type":"page","link":"https:\/\/www.frenchcourses-paris.com\/fr\/cours-particuliers-de-francais-a-paris-2\/","title":{"rendered":"Cours particuliers de fran\u00e7ais FLE \u00e0 Paris"},"content":{"rendered":"\n<div class=\"wp-block-uagb-container uagb-block-toqbblou alignfull uagb-is-root-container\"><div class=\"uagb-container-inner-blocks-wrap\">\n<div class=\"wp-block-uagb-info-box uagb-block-zlr6vund uagb-infobox__content-wrap  uagb-infobox-icon-above-title uagb-infobox-image-valign-top\"><div class=\"uagb-ifb-content\"><div class=\"uagb-ifb-title-wrap\"><h2 class=\"uagb-ifb-title\">Cours de Fran\u00e7ais Priv\u00e9s \u00e0 Paris \u2013 Apprenez et Vivez Comme un Parisien<\/h2><\/div><p class=\"uagb-ifb-desc\">D\u00e9couvrez nos cours de fran\u00e7ais \u00e0 Paris et en ligne qui rencontrent le plus de succ\u00e8s<\/p><\/div><\/div>\n\n\n\n<div class=\"wp-block-uagb-container uagb-block-cw2w4f7o\">\n<div class=\"wp-block-uagb-container uagb-block-yj0ij7j3\">\n<div class=\"wp-block-uagb-image aligncenter uagb-block-dlang5xb wp-block-uagb-image--layout-default wp-block-uagb-image--effect-static wp-block-uagb-image--align-center alignleft\"><figure class=\"wp-block-uagb-image__figure\"><img decoding=\"async\" srcset=\"https:\/\/www.frenchcourses-paris.com\/images\/2013\/01\/cafe-au-lait-paris.jpg ,https:\/\/www.frenchcourses-paris.com\/images\/2013\/01\/cafe-au-lait-paris.jpg 780w, https:\/\/www.frenchcourses-paris.com\/images\/2013\/01\/cafe-au-lait-paris.jpg 360w\" sizes=\"auto, (max-width: 480px) 150px\" src=\"https:\/\/www.frenchcourses-paris.com\/images\/2013\/01\/cafe-au-lait-paris.jpg\" alt=\"\" class=\"uag-image-3406\" width=\"600\" height=\"400\" title=\"\" loading=\"lazy\" role=\"presentation\"\/><\/figure><\/div>\n\n\n\n<div class=\"wp-block-group is-layout-constrained wp-block-group-is-layout-constrained\">\n<div class=\"wp-block-group is-layout-flow wp-block-group-is-layout-flow\">\n<div class=\"wp-block-group is-layout-constrained wp-container-core-group-is-layout-a099c240 wp-block-group-is-layout-constrained\">\n<article class=\"wp-block-uagb-info-box uagb-block-trwyocve uagb-infobox__content-wrap  uagb-infobox-icon-above-title uagb-infobox-image-valign-top\"><div class=\"uagb-ifb-content\"><div class=\"uagb-ifb-title-wrap\"><h3 class=\"uagb-ifb-title\">Cours intensifs de fran\u00e7ais \u00e0 Paris<\/h3><\/div><div class=\"uagb-ifb-desc\">\n<p class=\"has-text-align-center has-medium-font-size\" style=\"margin-top:0;margin-right:var(--wp--preset--spacing--30);margin-bottom:0;margin-left:var(--wp--preset--spacing--30)\">Cours de Fran\u00e7ais Intensifs \u00e0 Paris<br>Les <strong>cours intensifs de fran\u00e7ais \u00e0 Paris<\/strong> sont parfaits pour ceux qui souhaitent <strong>progresser rapidement<\/strong>.<br>Gr\u00e2ce \u00e0 une pratique cibl\u00e9e, des exercices interactifs et des explications claires, votre niveau de fran\u00e7ais s&rsquo;am\u00e9liore significativement.<\/p>\n<\/div><\/div><\/article>\n<\/div>\n<\/div>\n<\/div>\n\n\n\n<div class=\"wp-block-uagb-buttons uagb-buttons__outer-wrap uagb-btn__default-btn uagb-btn-tablet__default-btn uagb-btn-mobile__default-btn uagb-block-xu3owzqg\"><div class=\"uagb-buttons__wrap uagb-buttons-layout-wrap \">\n<div class=\"wp-block-uagb-buttons-child uagb-buttons__outer-wrap uagb-block-d9d59dbd wp-block-button\"><div class=\"uagb-button__wrapper\"><a class=\"uagb-buttons-repeater wp-block-button__link\" aria-label=\"\" href=\"https:\/\/www.frenchcourses-paris.com\/intensive-french-courses-in-paris\/\" rel=\"follow noopener\" target=\"_self\" role=\"button\"><div class=\"uagb-button__link\">En savoir plus<\/div><\/a><\/div><\/div>\n<\/div><\/div>\n<\/div>\n\n\n\n<div class=\"wp-block-uagb-container uagb-block-cuhpespf\">\n<div class=\"wp-block-group is-layout-constrained wp-block-group-is-layout-constrained\">\n<div class=\"wp-block-uagb-image aligncenter uagb-block-gfvugorr wp-block-uagb-image--layout-default wp-block-uagb-image--effect-static wp-block-uagb-image--align-center alignleft\"><figure class=\"wp-block-uagb-image__figure\"><img decoding=\"async\" srcset=\"https:\/\/www.frenchcourses-paris.com\/images\/2026\/02\/pexels-celine-3776818-16390240-683x1024.webp ,https:\/\/www.frenchcourses-paris.com\/images\/2026\/02\/pexels-celine-3776818-16390240-scaled.webp 780w, https:\/\/www.frenchcourses-paris.com\/images\/2026\/02\/pexels-celine-3776818-16390240-scaled.webp 360w\" sizes=\"auto, (max-width: 480px) 150px\" src=\"https:\/\/www.frenchcourses-paris.com\/images\/2026\/02\/pexels-celine-3776818-16390240-683x1024.webp\" alt=\"\" class=\"uag-image-22228\" width=\"600\" height=\"400\" title=\"\" loading=\"lazy\" role=\"presentation\"\/><\/figure><\/div>\n<\/div>\n\n\n\n<div class=\"wp-block-uagb-info-box uagb-block-0uubdmtv uagb-infobox__content-wrap  uagb-infobox-icon-above-title uagb-infobox-image-valign-top\"><div class=\"uagb-ifb-content\"><div class=\"uagb-ifb-title-wrap\"><h3 class=\"uagb-ifb-title\"> Balades comment\u00e9es et immersives \u00e0 Paris<\/h3><\/div><div class=\"uagb-ifb-desc\">\n<p class=\"has-medium-font-size\" style=\"margin-top:0;margin-right:var(--wp--preset--spacing--30);margin-bottom:0;margin-left:var(--wp--preset--spacing--30)\">Nos cours de fran\u00e7ais en <strong>immersion<\/strong> sont une fa\u00e7on unique d\u2019apprendre la langue en la <strong>vivant au quotidien<\/strong>.<br>Vous \u00eates plong\u00e9\u00b7e dans des situations r\u00e9elles, qui r\u00e9unissent cours, activit\u00e9s culturelles et <strong>interactions<\/strong> de la vie courante. Ces exp\u00e9riences favorisent la <strong>confiance<\/strong>, l\u2019aisance orale et la compr\u00e9hension interculturelle.<\/p>\n<\/div><\/div><\/div>\n\n\n\n<div class=\"wp-block-uagb-buttons uagb-buttons__outer-wrap uagb-btn__default-btn uagb-btn-tablet__default-btn uagb-btn-mobile__default-btn uagb-block-wtfzmyci\"><div class=\"uagb-buttons__wrap uagb-buttons-layout-wrap \">\n<div class=\"wp-block-uagb-buttons-child uagb-buttons__outer-wrap uagb-block-2ea3f4a5 wp-block-button\"><div class=\"uagb-button__wrapper\"><a class=\"uagb-buttons-repeater wp-block-button__link\" aria-label=\"\" href=\"https:\/\/www.frenchcourses-paris.com\/french-immersion-tours-in-paris\/\" rel=\"follow noopener\" target=\"_self\" role=\"button\"><div class=\"uagb-button__link\">En savoir plus<\/div><\/a><\/div><\/div>\n<\/div><\/div>\n<\/div>\n\n\n\n<div class=\"wp-block-uagb-container uagb-block-tipll8yo\">\n<div class=\"wp-block-group is-layout-constrained wp-block-group-is-layout-constrained\">\n<div class=\"wp-block-uagb-image aligncenter uagb-block-kjnl0jbo wp-block-uagb-image--layout-default wp-block-uagb-image--effect-static wp-block-uagb-image--align-center alignleft\"><figure class=\"wp-block-uagb-image__figure\"><img decoding=\"async\" srcset=\"https:\/\/www.frenchcourses-paris.com\/images\/2026\/02\/Gemini_Generated_Image_kpnwigkpnwigkpnw.webp ,https:\/\/www.frenchcourses-paris.com\/images\/2026\/02\/Gemini_Generated_Image_kpnwigkpnwigkpnw.webp 780w, https:\/\/www.frenchcourses-paris.com\/images\/2026\/02\/Gemini_Generated_Image_kpnwigkpnwigkpnw.webp 360w\" sizes=\"auto, (max-width: 480px) 150px\" src=\"https:\/\/www.frenchcourses-paris.com\/images\/2026\/02\/Gemini_Generated_Image_kpnwigkpnwigkpnw.webp\" alt=\"\" class=\"uag-image-22286\" width=\"600\" height=\"400\" title=\"\" loading=\"lazy\" role=\"presentation\"\/><\/figure><\/div>\n<\/div>\n\n\n\n<div class=\"wp-block-columns is-layout-flex wp-container-core-columns-is-layout-28f84493 wp-block-columns-is-layout-flex\">\n<div class=\"wp-block-column is-layout-flow wp-block-column-is-layout-flow\" style=\"flex-basis:100%\">\n<div class=\"wp-block-uagb-info-box uagb-block-bz8tydoo uagb-infobox__content-wrap  uagb-infobox-icon-above-title uagb-infobox-image-valign-top\"><div class=\"uagb-ifb-content\"><div class=\"uagb-ifb-title-wrap\"><h3 class=\"uagb-ifb-title\">Pratique de la conversation<\/h3><\/div><div class=\"uagb-ifb-desc\">\n<p class=\"has-medium-font-size\" style=\"margin-top:0;margin-right:var(--wp--preset--spacing--30);margin-bottom:0;margin-left:var(--wp--preset--spacing--30)\">Les <strong>cours de conversation en fran\u00e7ais<\/strong> visent \u00e0 d\u00e9velopper la fluidit\u00e9 et l\u2019aisance \u00e0 l\u2019oral. \u00c0 travers des discussions guid\u00e9es et des mises en situation, vous am\u00e9liorez votre communication de mani\u00e8re naturelle, en travaillant la <strong>prononciation<\/strong>, la spontan\u00e9it\u00e9 et le <strong>vocabulaire du quotidien<\/strong>. <\/p>\n<\/div><\/div><\/div>\n<\/div>\n<\/div>\n\n\n\n<div class=\"wp-block-uagb-buttons uagb-buttons__outer-wrap uagb-btn__default-btn uagb-btn-tablet__default-btn uagb-btn-mobile__default-btn uagb-block-ddeyjioh\"><div class=\"uagb-buttons__wrap uagb-buttons-layout-wrap \">\n<div class=\"wp-block-uagb-buttons-child uagb-buttons__outer-wrap uagb-block-61e9e23d wp-block-button\"><div class=\"uagb-button__wrapper\"><a class=\"uagb-buttons-repeater wp-block-button__link\" aria-label=\"\" href=\"https:\/\/www.frenchcourses-paris.com\/french-conversation-classes-in-paris\/\" rel=\"follow noopener\" target=\"_self\" role=\"button\"><div class=\"uagb-button__link\">En savoir plus<\/div><\/a><\/div><\/div>\n<\/div><\/div>\n<\/div>\n\n\n\n<div class=\"wp-block-uagb-container uagb-block-cs6nokos\">\n<div class=\"wp-block-group is-layout-constrained wp-block-group-is-layout-constrained\">\n<div class=\"wp-block-uagb-image aligncenter uagb-block-605e5c05 wp-block-uagb-image--layout-default wp-block-uagb-image--effect-static wp-block-uagb-image--align-center alignleft\"><figure class=\"wp-block-uagb-image__figure\"><img decoding=\"async\" srcset=\"https:\/\/www.frenchcourses-paris.com\/images\/2021\/01\/how-to-prepare-for-the-delf-b2-try-our-online-french-course-for-delf-and-get-a-b2-level-certification.jpg ,https:\/\/www.frenchcourses-paris.com\/images\/2021\/01\/how-to-prepare-for-the-delf-b2-try-our-online-french-course-for-delf-and-get-a-b2-level-certification.jpg 780w, https:\/\/www.frenchcourses-paris.com\/images\/2021\/01\/how-to-prepare-for-the-delf-b2-try-our-online-french-course-for-delf-and-get-a-b2-level-certification.jpg 360w\" sizes=\"auto, (max-width: 480px) 150px\" src=\"https:\/\/www.frenchcourses-paris.com\/images\/2021\/01\/how-to-prepare-for-the-delf-b2-try-our-online-french-course-for-delf-and-get-a-b2-level-certification.jpg\" alt=\"\" class=\"uag-image-15961\" width=\"600\" height=\"400\" title=\"\" loading=\"lazy\" role=\"presentation\"\/><\/figure><\/div>\n<\/div>\n\n\n\n<div class=\"wp-block-uagb-info-box uagb-block-wpnraxrn uagb-infobox__content-wrap  uagb-infobox-icon-above-title uagb-infobox-image-valign-top\"><div class=\"uagb-ifb-content\"><div class=\"uagb-ifb-title-wrap\"><h3 class=\"uagb-ifb-title\">Pr\u00e9paration aux Examens<\/h3><\/div><div class=\"uagb-ifb-desc\">\n<p class=\"has-text-align-center has-medium-font-size\" style=\"margin-top:0;margin-right:var(--wp--preset--spacing--30);margin-bottom:0;margin-left:var(--wp--preset--spacing--30)\">Les <strong>cours de pr\u00e9paration (DELF, DALF, IB French)<\/strong> vous aident \u00e0 r\u00e9ussir les examens officiels de fran\u00e7ais.<br>Vous apprenez ainsi les <strong>strat\u00e9gies<\/strong>, la grammaire et le vocabulaire-cl\u00e9s, avec des <strong>entra\u00eenements intensifs<\/strong> et des examens blancs pour maximiser vos chances de r\u00e9ussite.<\/p>\n<\/div><\/div><\/div>\n\n\n\n<div class=\"wp-block-uagb-buttons uagb-buttons__outer-wrap uagb-btn__default-btn uagb-btn-tablet__default-btn uagb-btn-mobile__default-btn uagb-block-q4gux3ou\"><div class=\"uagb-buttons__wrap uagb-buttons-layout-wrap \">\n<div class=\"wp-block-uagb-buttons-child uagb-buttons__outer-wrap uagb-block-402b3234 wp-block-button\"><div class=\"uagb-button__wrapper\"><a class=\"uagb-buttons-repeater wp-block-button__link\" aria-label=\"\" href=\"https:\/\/www.frenchcourses-paris.com\/delf-b2-exam-preparation-course-in-paris\/\" rel=\"follow noopener\" target=\"_self\" role=\"button\"><div class=\"uagb-button__link\">En savoir plus<\/div><\/a><\/div><\/div>\n<\/div><\/div>\n<\/div>\n<\/div>\n<\/div><\/div>\n\n\n\n<div class=\"wp-block-uagb-container uagb-block-azm57oaw alignfull uagb-is-root-container\"><div class=\"uagb-container-inner-blocks-wrap\">\n<div class=\"wp-block-uagb-container uagb-block-4c73mqui\">\n<div class=\"wp-block-uagb-info-box uagb-block-7md1bwc8 uagb-infobox__content-wrap  uagb-infobox-icon-above-title uagb-infobox-image-valign-top\"><div class=\"uagb-ifb-content\"><div class=\"uagb-ifb-title-wrap\"><h2 class=\"uagb-ifb-title\">Qu\u2019est-ce qui rend nos cours particuliers de fran\u00e7ais \u00e0 Paris si singuliers ?<\/h2><\/div><\/div><\/div>\n<\/div>\n\n\n\n<div class=\"wp-block-uagb-container uagb-block-zqo2dda8\">\n<div class=\"wp-block-uagb-container uagb-block-soek1iq2\">\n<div class=\"wp-block-uagb-info-box uagb-block-mc0f9ybm uagb-infobox__content-wrap  uagb-infobox-icon-above-title uagb-infobox-image-valign-top\"><div class=\"uagb-ifb-content\"><div class=\"uagb-ifb-title-wrap\"><p class=\"uagb-ifb-title-prefix\">01<\/p><h3 class=\"uagb-ifb-title\">Cours personnalis\u00e9s<\/h3><\/div><p class=\"uagb-ifb-desc\">Un des plus grands avantages de nos cours particuliers de fran\u00e7ais \u00e0 Paris est l\u2019attention personnalis\u00e9e que vous recevez. Contrairement aux classes traditionnelles regroupant de nombreux \u00e9l\u00e8ves, nos cours particuliers en t\u00eate-\u00e0-t\u00eate sont sp\u00e9cifiquement adapt\u00e9s \u00e0 vos besoins. Cette approche permet un retour imm\u00e9diat et des strat\u00e9gies d\u2019apprentissage cibl\u00e9es.<\/p><\/div><\/div>\n<\/div>\n\n\n\n<div class=\"wp-block-uagb-container uagb-block-m7iqycks\">\n<div class=\"wp-block-uagb-info-box uagb-block-k9tgrflv uagb-infobox__content-wrap  uagb-infobox-icon-above-title uagb-infobox-image-valign-top\"><div class=\"uagb-ifb-content\"><div class=\"uagb-ifb-title-wrap\"><p class=\"uagb-ifb-title-prefix\">02<\/p><h3 class=\"uagb-ifb-title\">Aisance et confiance<\/h3><\/div><p class=\"uagb-ifb-desc\">Notre environnement d\u2019apprentissage est con\u00e7u pour \u00eatre accueillant et encourageant, ce qui joue un r\u00f4le crucial dans le d\u00e9veloppement de votre confiance. Nos professeurs particuliers de fran\u00e7ais \u00e0 Paris sont \u00e9galement form\u00e9s pour cr\u00e9er un espace bienveillant o\u00f9 vous pouvez poser des questions, faire des erreurs et apprendre \u00e0 votre rythme.<\/p><\/div><\/div>\n<\/div>\n\n\n\n<div class=\"wp-block-uagb-container uagb-block-67yt3ft2\">\n<div class=\"wp-block-uagb-info-box uagb-block-kbduxuc0 uagb-infobox__content-wrap  uagb-infobox-icon-above-title uagb-infobox-image-valign-top\"><div class=\"uagb-ifb-content\"><div class=\"uagb-ifb-title-wrap\"><p class=\"uagb-ifb-title-prefix\">03<\/p><h3 class=\"uagb-ifb-title\"><strong>Apprenez 4 fois plus vite<\/strong><\/h3><\/div><p class=\"uagb-ifb-desc\">Des \u00e9tudes ont montr\u00e9 que les le\u00e7ons individuelles peuvent significativement acc\u00e9l\u00e9rer l\u2019apprentissage. Avec une attention individuelle, vous \u00e9tudiez davantage de contenu en moins de temps, car nos cours particuliers de fran\u00e7ais \u00e0 Paris sont adapt\u00e9s \u00e0 votre rythme d\u2019apprentissage. Vous atteignez ainsi vos objectifs 4 fois plus vite qu\u2019en classe traditionnelle.<\/p><\/div><\/div>\n<\/div>\n<\/div>\n<\/div><\/div>\n\n\n\n<blockquote class=\"wp-block-quote has-text-align-center has-medium-font-size is-layout-flow wp-block-quote-is-layout-flow\">\n<p><a href=\"https:\/\/www.frenchcourses-paris.com\/fr\/contact\/\" title=\"\">Contactez-nous <\/a>pour b\u00e9n\u00e9ficier des meilleurs cours particuliers de fran\u00e7ais \u00e0 Paris!<\/p>\n<\/blockquote>\n\n\n\n<p><\/p>\n","protected":false},"excerpt":{"rendered":"<p>Build fluency and confidence with private French lessons in Paris. Take your French to the next level with immersive courses taught at your home or office.<\/p>\n","protected":false},"author":3,"featured_media":0,"parent":0,"menu_order":4,"comment_status":"closed","ping_status":"closed","template":"","meta":{"_uag_custom_page_level_css":"","_lmt_disableupdate":"no","_lmt_disable":"","site-sidebar-layout":"default","site-content-layout":"","ast-site-content-layout":"default","site-content-style":"default","site-sidebar-style":"default","ast-global-header-display":"","ast-banner-title-visibility":"","ast-main-header-display":"","ast-hfb-above-header-display":"","ast-hfb-below-header-display":"","ast-hfb-mobile-header-display":"","site-post-title":"disabled","ast-breadcrumbs-content":"","ast-featured-img":"","footer-sml-layout":"","ast-disable-related-posts":"","theme-transparent-header-meta":"","adv-header-id-meta":"","stick-header-meta":"","header-above-stick-meta":"","header-main-stick-meta":"","header-below-stick-meta":"","astra-migrate-meta-layouts":"default","ast-page-background-enabled":"default","ast-page-background-meta":{"desktop":{"background-color":"var(--ast-global-color-4)","background-image":"","background-repeat":"repeat","background-position":"center center","background-size":"auto","background-attachment":"scroll","background-type":"","background-media":"","overlay-type":"","overlay-color":"","overlay-opacity":"","overlay-gradient":""},"tablet":{"background-color":"","background-image":"","background-repeat":"repeat","background-position":"center center","background-size":"auto","background-attachment":"scroll","background-type":"","background-media":"","overlay-type":"","overlay-color":"","overlay-opacity":"","overlay-gradient":""},"mobile":{"background-color":"","background-image":"","background-repeat":"repeat","background-position":"center center","background-size":"auto","background-attachment":"scroll","background-type":"","background-media":"","overlay-type":"","overlay-color":"","overlay-opacity":"","overlay-gradient":""}},"ast-content-background-meta":{"desktop":{"background-color":"var(--ast-global-color-5)","background-image":"","background-repeat":"repeat","background-position":"center center","background-size":"auto","background-attachment":"scroll","background-type":"","background-media":"","overlay-type":"","overlay-color":"","overlay-opacity":"","overlay-gradient":""},"tablet":{"background-color":"var(--ast-global-color-5)","background-image":"","background-repeat":"repeat","background-position":"center center","background-size":"auto","background-attachment":"scroll","background-type":"","background-media":"","overlay-type":"","overlay-color":"","overlay-opacity":"","overlay-gradient":""},"mobile":{"background-color":"var(--ast-global-color-5)","background-image":"","background-repeat":"repeat","background-position":"center center","background-size":"auto","background-attachment":"scroll","background-type":"","background-media":"","overlay-type":"","overlay-color":"","overlay-opacity":"","overlay-gradient":""}},"footnotes":""},"class_list":["post-370","page","type-page","status-publish","hentry"],"aioseo_notices":[],"uagb_featured_image_src":{"full":false,"thumbnail":false,"medium":false,"medium_large":false,"large":false,"1536x1536":false,"2048x2048":false},"uagb_author_info":{"display_name":"Caroline","author_link":"https:\/\/www.frenchcourses-paris.com\/fr\/author\/caroline\/"},"uagb_comment_info":0,"uagb_excerpt":"Build fluency and confidence with private French lessons in Paris. Take your French to the next level with immersive courses taught at your home or office.","_links":{"self":[{"href":"https:\/\/www.frenchcourses-paris.com\/fr\/wp-json\/wp\/v2\/pages\/370","targetHints":{"allow":["GET"]}}],"collection":[{"href":"https:\/\/www.frenchcourses-paris.com\/fr\/wp-json\/wp\/v2\/pages"}],"about":[{"href":"https:\/\/www.frenchcourses-paris.com\/fr\/wp-json\/wp\/v2\/types\/page"}],"author":[{"embeddable":true,"href":"https:\/\/www.frenchcourses-paris.com\/fr\/wp-json\/wp\/v2\/users\/3"}],"replies":[{"embeddable":true,"href":"https:\/\/www.frenchcourses-paris.com\/fr\/wp-json\/wp\/v2\/comments?post=370"}],"version-history":[{"count":13,"href":"https:\/\/www.frenchcourses-paris.com\/fr\/wp-json\/wp\/v2\/pages\/370\/revisions"}],"predecessor-version":[{"id":22469,"href":"https:\/\/www.frenchcourses-paris.com\/fr\/wp-json\/wp\/v2\/pages\/370\/revisions\/22469"}],"wp:attachment":[{"href":"https:\/\/www.frenchcourses-paris.com\/fr\/wp-json\/wp\/v2\/media?parent=370"}],"curies":[{"name":"wp","href":"https:\/\/api.w.org\/{rel}","templated":true}]}}