{"id":344,"date":"2012-06-18T10:11:21","date_gmt":"2012-06-18T08:11:21","guid":{"rendered":"http:\/\/www.frenchcourses-paris.com\/?page_id=344"},"modified":"2025-01-23T18:52:50","modified_gmt":"2025-01-23T17:52:50","slug":"professeur-de-francais-a-paris-fle","status":"publish","type":"page","link":"https:\/\/www.frenchcourses-paris.com\/fr\/professeur-de-francais-a-paris-fle\/","title":{"rendered":"Caroline"},"content":{"rendered":"\n<h1 class=\"wp-block-heading has-text-align-center\">Une professeur de fran\u00e7ais \u00e0 Paris, <br>sp\u00e9cialiste de l&rsquo;enseignement du fran\u00e7ais aux \u00e9trangers<\/h1>\n\n\n\n<div class=\"wp-block-media-text alignwide has-media-on-the-right is-stacked-on-mobile is-vertically-aligned-top has-medium-font-size\" style=\"grid-template-columns:auto 38%\"><div class=\"wp-block-media-text__content\">\n<div style=\"height:20px\" aria-hidden=\"true\" class=\"wp-block-spacer\"><\/div>\n\n\n\n<h2 class=\"wp-block-heading\" style=\"font-size:22px\">Plus de 15 ans d&rsquo;exp\u00e9rience p\u00e9dagogique aupr\u00e8s d&rsquo;adultes<\/h2>\n\n\n\n<p class=\"has-medium-font-size\">Parlant couramment anglais et italien, Caroline est profond\u00e9ment passionn\u00e9e par l&rsquo;enseignement des langues. Avec plus de 15 ans d&rsquo;exp\u00e9rience dans l&rsquo;enseignement, elle a affin\u00e9 ses comp\u00e9tences dans des institutions prestigieuses telles que la Sorbonne et Sciences Po. Elle a \u00e9galement partag\u00e9 ses connaissances \u00e0 l&rsquo;\u00e9tranger, dans des universit\u00e9s am\u00e9ricaines comme Whitworth College et Texas A&amp;M, ainsi qu&rsquo;\u00e0 l&rsquo;Institut fran\u00e7ais du Vietnam.<\/p>\n\n\n\n<h2 class=\"wp-block-heading\" style=\"font-size:22px\">D\u00e9veloppez votre potentiel avec l&rsquo;accompagnement expert d&rsquo;une professeur de fran\u00e7ais \u00e0 Paris<\/h2>\n\n\n\n<p class=\"has-medium-font-size\">Caroline, ancienne laur\u00e9ate Fulbright, apporte une richesse de r\u00e9alisations acad\u00e9miques \u00e0 son r\u00f4le de professeure de fran\u00e7ais priv\u00e9e \u00e0 Paris et en ligne. Titulaire d&rsquo;un master en didactique de l&rsquo;\u00c9cole normale sup\u00e9rieure (ENS) de Cachan et d&rsquo;un doctorat en linguistique de l&rsquo;Universit\u00e9 de Bordeaux, elle poss\u00e8de une compr\u00e9hension profonde du fran\u00e7ais et de ses subtilit\u00e9s. Avec cette solide formation acad\u00e9mique et une vaste exp\u00e9rience dans l&rsquo;enseignement, Caroline est habile \u00e0 relever les d\u00e9fis auxquels sont confront\u00e9s les apprenants dans la ma\u00eetrise de la langue.<\/p>\n\n\n\n<h2 class=\"wp-block-heading\" style=\"font-size:22px\">Une m\u00e9thode d&rsquo;enseignement qui s&rsquo;adapte \u00e0 vos besoins<\/h2>\n\n\n\n<p class=\"has-text-align-left has-medium-font-size\">Caroline dispense des cours de fran\u00e7ais personnalis\u00e9s \u00e0 Paris et en ligne, en face-\u00e0-face. Tout au long du cours, Caroline vous corrige doucement lorsque vous parlez. Elle \u00e9crit \u00e9galement tout nouveau mot de vocabulaire ou expression, vous encourage \u00e0 exprimer votre opinion et vous aide avec la grammaire, la conversation et la prononciation. Aucune de ses s\u00e9ances n&rsquo;est identique, car elle adapte son enseignement \u00e0 votre style d&rsquo;apprentissage et \u00e0 vos besoins. Caroline s&rsquo;\u00e9panouit en guidant les apprenants en fran\u00e7ais pour renforcer leur confiance et am\u00e9liorer leurs comp\u00e9tences en communication. Elle offre des conseils et un soutien personnalis\u00e9s, permettant aux \u00e9tudiants de donner le meilleur d&rsquo;eux-m\u00eames et d&rsquo;atteindre leurs objectifs.<\/p>\n\n\n\n<h2 class=\"wp-block-heading\" style=\"font-size:22px\">Une professeur de fran\u00e7ais d\u00e9vou\u00e9e et motiv\u00e9e pour aider les apprenants \u00e0 progresser rapidement et durablement en fran\u00e7ais<\/h2>\n\n\n\n<p class=\"has-medium-font-size\">En tant que professeure de fran\u00e7ais priv\u00e9e qualifi\u00e9e dot\u00e9e de solides comp\u00e9tences linguistiques, Caroline a \u00e9t\u00e9 lou\u00e9e pour son professionnalisme, sa patience et son sens de l&rsquo;humour. Ces qualit\u00e9s ont contribu\u00e9 au succ\u00e8s de The French Class, sa petite entreprise de cours particuliers de fran\u00e7ais \u00e0 Paris.<\/p>\n\n\n\n<p class=\"has-medium-font-size\">Caroline a aid\u00e9 des centaines d&rsquo;apprenants, de tous niveaux et de tous horizons linguistiques, \u00e0 vivre avec succ\u00e8s en France. Prenez contact avec elle d\u00e8s aujourd&rsquo;hui pour saisir l&rsquo;opportunit\u00e9 d&rsquo;\u00e9tudier avec une professeur de fran\u00e7ais d\u00e9vou\u00e9e qui vous enseigne la langue de mani\u00e8re pertinente et engageante.<\/p>\n<\/div><figure class=\"wp-block-media-text__media\"><img decoding=\"async\" width=\"1024\" height=\"1024\" src=\"https:\/\/www.frenchcourses-paris.com\/images\/2024\/04\/french-teacher-in-paris-1024x1024.webp\" alt=\"\" class=\"wp-image-18938 size-full\" srcset=\"https:\/\/www.frenchcourses-paris.com\/images\/2024\/04\/french-teacher-in-paris-1024x1024.webp 1024w, https:\/\/www.frenchcourses-paris.com\/images\/2024\/04\/french-teacher-in-paris-300x300.webp 300w, https:\/\/www.frenchcourses-paris.com\/images\/2024\/04\/french-teacher-in-paris-150x150.webp 150w, https:\/\/www.frenchcourses-paris.com\/images\/2024\/04\/french-teacher-in-paris-768x768.webp 768w, https:\/\/www.frenchcourses-paris.com\/images\/2024\/04\/french-teacher-in-paris.webp 1114w\" sizes=\"(max-width: 1024px) 100vw, 1024px\" \/><\/figure><\/div>\n\n\n\n<figure class=\"wp-block-pullquote has-medium-font-size\"><blockquote><p><a href=\"https:\/\/www.frenchcourses-paris.com\/french-classes-in-paris-contact-caroline\/\" title=\"\">Contactez Caroline pour en savoir plus sur ses cours de fran\u00e7ais \u00e0 Paris. <\/a><\/p><\/blockquote><\/figure>\n","protected":false},"excerpt":{"rendered":"<p>D\u00e9couvrez Caroline, une professeur de fran\u00e7ais \u00e0 Paris qui propose des cours priv\u00e9s structur\u00e9s, que vous soyez d\u00e9butant ou avanc\u00e9, \u00e9tudiant ou professionnel.<\/p>\n","protected":false},"author":3,"featured_media":0,"parent":0,"menu_order":2,"comment_status":"closed","ping_status":"closed","template":"","meta":{"_uag_custom_page_level_css":"","_lmt_disableupdate":"no","_lmt_disable":"","site-sidebar-layout":"default","site-content-layout":"","ast-site-content-layout":"default","site-content-style":"default","site-sidebar-style":"default","ast-global-header-display":"","ast-banner-title-visibility":"","ast-main-header-display":"","ast-hfb-above-header-display":"","ast-hfb-below-header-display":"","ast-hfb-mobile-header-display":"","site-post-title":"disabled","ast-breadcrumbs-content":"","ast-featured-img":"","footer-sml-layout":"","ast-disable-related-posts":"","theme-transparent-header-meta":"","adv-header-id-meta":"","stick-header-meta":"","header-above-stick-meta":"","header-main-stick-meta":"","header-below-stick-meta":"","astra-migrate-meta-layouts":"default","ast-page-background-enabled":"default","ast-page-background-meta":{"desktop":{"background-color":"var(--ast-global-color-4)","background-image":"","background-repeat":"repeat","background-position":"center center","background-size":"auto","background-attachment":"scroll","background-type":"","background-media":"","overlay-type":"","overlay-color":"","overlay-opacity":"","overlay-gradient":""},"tablet":{"background-color":"","background-image":"","background-repeat":"repeat","background-position":"center center","background-size":"auto","background-attachment":"scroll","background-type":"","background-media":"","overlay-type":"","overlay-color":"","overlay-opacity":"","overlay-gradient":""},"mobile":{"background-color":"","background-image":"","background-repeat":"repeat","background-position":"center center","background-size":"auto","background-attachment":"scroll","background-type":"","background-media":"","overlay-type":"","overlay-color":"","overlay-opacity":"","overlay-gradient":""}},"ast-content-background-meta":{"desktop":{"background-color":"var(--ast-global-color-5)","background-image":"","background-repeat":"repeat","background-position":"center center","background-size":"auto","background-attachment":"scroll","background-type":"","background-media":"","overlay-type":"","overlay-color":"","overlay-opacity":"","overlay-gradient":""},"tablet":{"background-color":"var(--ast-global-color-5)","background-image":"","background-repeat":"repeat","background-position":"center center","background-size":"auto","background-attachment":"scroll","background-type":"","background-media":"","overlay-type":"","overlay-color":"","overlay-opacity":"","overlay-gradient":""},"mobile":{"background-color":"var(--ast-global-color-5)","background-image":"","background-repeat":"repeat","background-position":"center center","background-size":"auto","background-attachment":"scroll","background-type":"","background-media":"","overlay-type":"","overlay-color":"","overlay-opacity":"","overlay-gradient":""}},"footnotes":""},"class_list":["post-344","page","type-page","status-publish","hentry"],"aioseo_notices":[],"uagb_featured_image_src":{"full":false,"thumbnail":false,"medium":false,"medium_large":false,"large":false,"1536x1536":false,"2048x2048":false},"uagb_author_info":{"display_name":"Caroline","author_link":"https:\/\/www.frenchcourses-paris.com\/fr\/author\/caroline\/"},"uagb_comment_info":0,"uagb_excerpt":"D\u00e9couvrez Caroline, une professeur de fran\u00e7ais \u00e0 Paris qui propose des cours priv\u00e9s structur\u00e9s, que vous soyez d\u00e9butant ou avanc\u00e9, \u00e9tudiant ou professionnel.","_links":{"self":[{"href":"https:\/\/www.frenchcourses-paris.com\/fr\/wp-json\/wp\/v2\/pages\/344","targetHints":{"allow":["GET"]}}],"collection":[{"href":"https:\/\/www.frenchcourses-paris.com\/fr\/wp-json\/wp\/v2\/pages"}],"about":[{"href":"https:\/\/www.frenchcourses-paris.com\/fr\/wp-json\/wp\/v2\/types\/page"}],"author":[{"embeddable":true,"href":"https:\/\/www.frenchcourses-paris.com\/fr\/wp-json\/wp\/v2\/users\/3"}],"replies":[{"embeddable":true,"href":"https:\/\/www.frenchcourses-paris.com\/fr\/wp-json\/wp\/v2\/comments?post=344"}],"version-history":[{"count":15,"href":"https:\/\/www.frenchcourses-paris.com\/fr\/wp-json\/wp\/v2\/pages\/344\/revisions"}],"predecessor-version":[{"id":20277,"href":"https:\/\/www.frenchcourses-paris.com\/fr\/wp-json\/wp\/v2\/pages\/344\/revisions\/20277"}],"wp:attachment":[{"href":"https:\/\/www.frenchcourses-paris.com\/fr\/wp-json\/wp\/v2\/media?parent=344"}],"curies":[{"name":"wp","href":"https:\/\/api.w.org\/{rel}","templated":true}]}}