{"id":20271,"date":"2024-07-23T11:56:25","date_gmt":"2024-07-23T09:56:25","guid":{"rendered":"https:\/\/www.frenchcourses-paris.com\/our-french-tutors-in-paris\/"},"modified":"2026-02-12T15:51:41","modified_gmt":"2026-02-12T14:51:41","slug":"nos-professeurs-de-francais-a-paris","status":"publish","type":"page","link":"https:\/\/www.frenchcourses-paris.com\/fr\/nos-professeurs-de-francais-a-paris\/","title":{"rendered":"Les Profs"},"content":{"rendered":"\n<div class=\"wp-block-uagb-container uagb-block-zb4lxmgp alignfull uagb-is-root-container\"><div class=\"uagb-container-inner-blocks-wrap\">\n<div class=\"wp-block-uagb-info-box uagb-block-1qx9nmnd uagb-infobox__content-wrap  uagb-infobox-icon-above-title uagb-infobox-image-valign-top\"><div class=\"uagb-ifb-content\"><div class=\"uagb-ifb-title-wrap\"><h2 class=\"uagb-ifb-title\">Rencontrez nos talentueuses professeurs de fran\u00e7ais \u00e0 Paris<\/h2><\/div><p class=\"uagb-ifb-desc\">Nos professeurs de fran\u00e7ais \u00e0 Paris proposent un enseignement sur mesure qui allie expertise dans leur langue maternelle, m\u00e9thodes d&rsquo;enseignement cr\u00e9atives et strat\u00e9gies d&rsquo;apprentissage \u00e9prouv\u00e9es. Ces professionnelles d\u00e9vou\u00e9es vous aident \u00e0 d\u00e9velopper des comp\u00e9tences exceptionnelles en fran\u00e7ais.<\/p><\/div><\/div>\n\n\n\n<div class=\"wp-block-uagb-container uagb-block-ppnckblx\">\n<div class=\"wp-block-uagb-container uagb-block-auvcxtjq\">\n<div class=\"wp-block-uagb-image aligncenter uagb-block-nk7ungzn wp-block-uagb-image--layout-default wp-block-uagb-image--effect-static wp-block-uagb-image--align-center\"><figure class=\"wp-block-uagb-image__figure\"><img decoding=\"async\" srcset=\"https:\/\/www.frenchcourses-paris.com\/images\/2024\/07\/Private-French-Tutor-Coach-Paris-1024x1024.jpg ,https:\/\/www.frenchcourses-paris.com\/images\/2024\/07\/Private-French-Tutor-Coach-Paris.jpg 780w, https:\/\/www.frenchcourses-paris.com\/images\/2024\/07\/Private-French-Tutor-Coach-Paris.jpg 360w\" sizes=\"auto, (max-width: 480px) 150px\" src=\"https:\/\/www.frenchcourses-paris.com\/images\/2024\/07\/Private-French-Tutor-Coach-Paris-1024x1024.jpg\" alt=\"Private French Teacher in Paris\" class=\"uag-image-19481\" width=\"368\" height=\"368\" title=\"Private-French-Tutor-Coach-Paris\" loading=\"lazy\" role=\"img\"\/><\/figure><\/div>\n\n\n\n<div class=\"wp-block-uagb-info-box uagb-block-lv82iaif uagb-infobox__content-wrap  uagb-infobox-icon-above-title uagb-infobox-image-valign-top wp-block-uagb-info-box--has-margin\"><div class=\"uagb-infobox-margin-wrapper\"><div class=\"uagb-ifb-content\"><div class=\"uagb-ifb-title-wrap\"><p class=\"uagb-ifb-title\"><a href=\"https:\/\/www.frenchcourses-paris.com\/fr\/professeur-de-francais-a-paris-fle\/\" title=\"\">Caroline<\/a><\/p><\/div><\/div><\/div><\/div>\n\n\n\n<div class=\"wp-block-uagb-icon-list uagb-block-cfpe4efb\"><div class=\"uagb-icon-list__wrap\">\n<div class=\"wp-block-uagb-icon-list-child uagb-block-f938b422\"><\/div>\n\n\n\n<div class=\"wp-block-uagb-icon-list-child uagb-block-3b0e821e\"><\/div>\n\n\n\n<div class=\"wp-block-uagb-icon-list-child uagb-block-cb7b97c7\"><\/div>\n<\/div><\/div>\n<\/div>\n\n\n\n<div class=\"wp-block-uagb-container uagb-block-vm7mxtx8\">\n<div class=\"wp-block-uagb-image aligncenter uagb-block-jtgzszxn wp-block-uagb-image--layout-default wp-block-uagb-image--effect-static wp-block-uagb-image--align-center\"><figure class=\"wp-block-uagb-image__figure\"><img decoding=\"async\" srcset=\"https:\/\/www.frenchcourses-paris.com\/images\/2024\/07\/Juliette-French-tutor-Paris-French-teacher-683x1024.jpg ,https:\/\/www.frenchcourses-paris.com\/images\/2024\/07\/Juliette-French-tutor-Paris-French-teacher-scaled.jpg 780w, https:\/\/www.frenchcourses-paris.com\/images\/2024\/07\/Juliette-French-tutor-Paris-French-teacher-scaled.jpg 360w\" sizes=\"auto, (max-width: 480px) 150px\" src=\"https:\/\/www.frenchcourses-paris.com\/images\/2024\/07\/Juliette-French-tutor-Paris-French-teacher-683x1024.jpg\" alt=\"Juliette, French tutor in Paris and native French teacher\" class=\"uag-image-19751\" width=\"368\" height=\"368\" title=\"Juliette-French-tutor-Paris-French-teacher\" loading=\"lazy\" role=\"img\"\/><\/figure><\/div>\n\n\n\n<div class=\"wp-block-uagb-info-box uagb-block-v6ia2cpo uagb-infobox__content-wrap  uagb-infobox-icon-above-title uagb-infobox-image-valign-top wp-block-uagb-info-box--has-margin\"><div class=\"uagb-infobox-margin-wrapper\"><div class=\"uagb-ifb-content\"><div class=\"uagb-ifb-title-wrap\"><p class=\"uagb-ifb-title\">Juliette<\/p><\/div><\/div><\/div><\/div>\n\n\n\n<div class=\"wp-block-uagb-icon-list uagb-block-mwegjgqv\"><div class=\"uagb-icon-list__wrap\">\n<div class=\"wp-block-uagb-icon-list-child uagb-block-4eswwdi2\"><a target=\"_self\" aria-label=\"List item\" rel=\"noopener noreferrer\" href=\"#\"> <\/a><\/div>\n\n\n\n<div class=\"wp-block-uagb-icon-list-child uagb-block-yd22fjcn\"><a target=\"_self\" aria-label=\"\" rel=\"noopener noreferrer\" href=\"#\"> <\/a><\/div>\n\n\n\n<div class=\"wp-block-uagb-icon-list-child uagb-block-ef67e107\"><a target=\"_self\" aria-label=\"List item\" rel=\"noopener noreferrer\" href=\"#\"> <\/a><\/div>\n\n\n\n<div class=\"wp-block-uagb-icon-list-child uagb-block-fa7ea295\"><a target=\"_self\" aria-label=\"List item\" rel=\"noopener noreferrer\" href=\"#\"> <\/a><\/div>\n<\/div><\/div>\n<\/div>\n\n\n\n<div class=\"wp-block-uagb-container uagb-block-i0b84db6\">\n<div class=\"wp-block-uagb-image aligncenter uagb-block-xjqmtaap wp-block-uagb-image--layout-default wp-block-uagb-image--effect-static wp-block-uagb-image--align-center\"><figure class=\"wp-block-uagb-image__figure\"><img decoding=\"async\" srcset=\"https:\/\/www.frenchcourses-paris.com\/images\/2024\/07\/Yolene-French-Tutors-in-Paris-966x1024.jpeg ,https:\/\/www.frenchcourses-paris.com\/images\/2024\/07\/Yolene-French-Tutors-in-Paris.jpeg 780w, https:\/\/www.frenchcourses-paris.com\/images\/2024\/07\/Yolene-French-Tutors-in-Paris.jpeg 360w\" sizes=\"auto, (max-width: 480px) 150px\" src=\"https:\/\/www.frenchcourses-paris.com\/images\/2024\/07\/Yolene-French-Tutors-in-Paris-966x1024.jpeg\" alt=\"Yol\u00e8ne - French tutor Paris\" class=\"uag-image-19757\" width=\"368\" height=\"368\" title=\"Yole\u0300ne-French-Tutors-in-Paris\" loading=\"lazy\" role=\"img\"\/><\/figure><\/div>\n\n\n\n<div class=\"wp-block-uagb-info-box uagb-block-f8lny7cd uagb-infobox__content-wrap  uagb-infobox-icon-above-title uagb-infobox-image-valign-top wp-block-uagb-info-box--has-margin\"><div class=\"uagb-infobox-margin-wrapper\"><div class=\"uagb-ifb-content\"><div class=\"uagb-ifb-title-wrap\"><p class=\"uagb-ifb-title\">Yol\u00e8ne<\/p><\/div><\/div><\/div><\/div>\n<\/div>\n<\/div>\n<\/div><\/div>\n\n\n\n<div class=\"wp-block-uagb-container uagb-block-llyng3et alignfull uagb-is-root-container\"><div class=\"uagb-container-inner-blocks-wrap\">\n<div class=\"wp-block-uagb-container uagb-block-qkjgjire\">\n<div class=\"wp-block-uagb-info-box uagb-block-1dmhrtei uagb-infobox__content-wrap  uagb-infobox-icon-above-title uagb-infobox-image-valign-top\"><div class=\"uagb-ifb-content\"><div class=\"uagb-ifb-title-wrap\"><h2 class=\"uagb-ifb-title\"><br><br><strong>Votre r\u00e9ussite est la priorit\u00e9<\/strong> de nos <strong>professeurs de fran\u00e7ais \u00e0 Paris<\/strong><br><\/h2><\/div><\/div><\/div>\n\n\n\n<div class=\"wp-block-uagb-info-box uagb-block-gmcq8ufd uagb-infobox__content-wrap  uagb-infobox-icon-above-title uagb-infobox-image-valign-top\"><div class=\"uagb-ifb-content\"><div class=\"uagb-ifb-title-wrap\"><\/div><p class=\"uagb-ifb-desc\"><br>Vous recherchez des professeurs particuliers de fran\u00e7ais \u00e0 Paris, de langue maternelle et exp\u00e9riment\u00e9s dans l&rsquo;enseignement du fran\u00e7ais langue \u00e9trang\u00e8re ? Ne cherchez plus ! Chez <em>The French Class<\/em>, notre \u00e9quipe d\u00e9di\u00e9e vous accompagne tout au long de votre apprentissage.<br><br>Avec 15 ans d\u2019exp\u00e9rience, nos professeurs de fran\u00e7ais \u00e0 Paris ont \u00e9t\u00e9 choisies pour leurs comp\u00e9tences et pour la richesse de leurs parcours professionnels. Flexibles dans leurs m\u00e9thodes d\u2019enseignement, elles s\u2019adaptent constamment aux besoins et styles d\u2019apprentissage de leurs \u00e9tudiants. Elles ma\u00eetrisent non seulement la langue et la culture fran\u00e7aises, mais elles comprennent \u00e9galement les d\u00e9fis rencontr\u00e9s par les apprenants.<\/p><\/div><\/div>\n<\/div>\n\n\n\n<div class=\"wp-block-uagb-container uagb-block-uk1g0scn\">\n<div class=\"wp-block-uagb-info-box uagb-block-6jsnvfyz uagb-infobox__content-wrap  uagb-infobox-icon-above-title uagb-infobox-image-valign-top wp-block-uagb-info-box--has-margin\"><div class=\"uagb-infobox-margin-wrapper\"><div class=\"uagb-ifb-content\"><div class=\"uagb-ifb-title-wrap\"><h3 class=\"uagb-ifb-title-prefix\">01<\/h3><h4 class=\"uagb-ifb-title\"><strong>Horaires flexibles<\/strong><\/h4><\/div><p class=\"uagb-ifb-desc\"><br>Choisissez des cr\u00e9neaux horaires qui s\u2019alignent parfaitement avec votre emploi du temps. R\u00e9servez vos cours particuliers de fran\u00e7ais \u00e0 Paris instantan\u00e9ment, sans \u00e9changes prolong\u00e9s.<\/p><\/div><\/div><\/div>\n\n\n\n<div class=\"wp-block-uagb-info-box uagb-block-2fdhrmlj uagb-infobox__content-wrap  uagb-infobox-icon-above-title uagb-infobox-image-valign-top wp-block-uagb-info-box--has-margin\"><div class=\"uagb-infobox-margin-wrapper\"><div class=\"uagb-ifb-content\"><div class=\"uagb-ifb-title-wrap\"><h3 class=\"uagb-ifb-title-prefix\">02<\/h3><h4 class=\"uagb-ifb-title\"> Des cours de fran\u00e7ais de qualit\u00e9<\/h4><\/div><p class=\"uagb-ifb-desc\"><br>Nos le\u00e7ons priv\u00e9es de fran\u00e7ais \u00e0 Paris sont soigneusement con\u00e7ues pour un apprentissage efficace. Vous b\u00e9n\u00e9ficiez d\u2019une pratique intensive avec des exercices interactifs.<\/p><\/div><\/div><\/div>\n\n\n\n<div class=\"wp-block-uagb-info-box uagb-block-1jcsctwc uagb-infobox__content-wrap  uagb-infobox_cta-type-all uagb-infobox-icon-above-title uagb-infobox-image-valign-top wp-block-uagb-info-box--has-margin\"><div class=\"uagb-infobox-margin-wrapper\"><a href=\"\" class=\"uagb-infobox-link-wrap uagb-infbox__link-to-all\" target=\"_self\" aria-label=\"Infobox Link\" rel=\"noopener noreferrer\" onclick=\"return false;\"><\/a><div class=\"uagb-ifb-content\"><div class=\"uagb-ifb-title-wrap\"><h3 class=\"uagb-ifb-title-prefix\">03<\/h3><h4 class=\"uagb-ifb-title\">Des r\u00e9sultats rapides et concrets<br><\/h4><\/div><p class=\"uagb-ifb-desc\">Gr\u00e2ce \u00e0 un enseignement expert, des techniques immersives et une approche motivante, nous veillons \u00e0 ce que vous appreniez le fran\u00e7ais rapidement tout en ayant une exp\u00e9rience positive.<br><\/p><div class=\"uagb-ifb-button-wrapper wp-block-button\"><\/div><\/div><\/div><\/div>\n<\/div>\n<\/div><\/div>\n\n\n\n<div class=\"wp-block-uagb-call-to-action uagb-block-30b17b47\"><div class=\"uagb-cta__wrap\"><h3 class=\"uagb-cta__title\"><br><strong><strong>Vous souhaitez \u00e9tudier avec nos professeurs de fran\u00e7ais \u00e0 Paris ?<\/strong><\/strong><br><strong><a href=\"https:\/\/www.frenchcourses-paris.com\/fr\/contact\/\" title=\"\">Contactez-nous<\/a> d\u00e8s aujourd\u2019hui ! <\/strong><\/h3><\/div><div class=\"uagb-cta__buttons\"><\/div><\/div>\n\n\n\n<p><\/p>\n","protected":false},"excerpt":{"rendered":"","protected":false},"author":3,"featured_media":0,"parent":0,"menu_order":0,"comment_status":"closed","ping_status":"closed","template":"","meta":{"_uag_custom_page_level_css":"","_lmt_disableupdate":"","_lmt_disable":"","site-sidebar-layout":"default","site-content-layout":"","ast-site-content-layout":"default","site-content-style":"default","site-sidebar-style":"default","ast-global-header-display":"","ast-banner-title-visibility":"","ast-main-header-display":"","ast-hfb-above-header-display":"","ast-hfb-below-header-display":"","ast-hfb-mobile-header-display":"","site-post-title":"","ast-breadcrumbs-content":"","ast-featured-img":"","footer-sml-layout":"","ast-disable-related-posts":"","theme-transparent-header-meta":"","adv-header-id-meta":"","stick-header-meta":"","header-above-stick-meta":"","header-main-stick-meta":"","header-below-stick-meta":"","astra-migrate-meta-layouts":"default","ast-page-background-enabled":"default","ast-page-background-meta":{"desktop":{"background-color":"var(--ast-global-color-4)","background-image":"","background-repeat":"repeat","background-position":"center center","background-size":"auto","background-attachment":"scroll","background-type":"","background-media":"","overlay-type":"","overlay-color":"","overlay-opacity":"","overlay-gradient":""},"tablet":{"background-color":"","background-image":"","background-repeat":"repeat","background-position":"center center","background-size":"auto","background-attachment":"scroll","background-type":"","background-media":"","overlay-type":"","overlay-color":"","overlay-opacity":"","overlay-gradient":""},"mobile":{"background-color":"","background-image":"","background-repeat":"repeat","background-position":"center center","background-size":"auto","background-attachment":"scroll","background-type":"","background-media":"","overlay-type":"","overlay-color":"","overlay-opacity":"","overlay-gradient":""}},"ast-content-background-meta":{"desktop":{"background-color":"var(--ast-global-color-5)","background-image":"","background-repeat":"repeat","background-position":"center center","background-size":"auto","background-attachment":"scroll","background-type":"","background-media":"","overlay-type":"","overlay-color":"","overlay-opacity":"","overlay-gradient":""},"tablet":{"background-color":"var(--ast-global-color-5)","background-image":"","background-repeat":"repeat","background-position":"center center","background-size":"auto","background-attachment":"scroll","background-type":"","background-media":"","overlay-type":"","overlay-color":"","overlay-opacity":"","overlay-gradient":""},"mobile":{"background-color":"var(--ast-global-color-5)","background-image":"","background-repeat":"repeat","background-position":"center center","background-size":"auto","background-attachment":"scroll","background-type":"","background-media":"","overlay-type":"","overlay-color":"","overlay-opacity":"","overlay-gradient":""}},"footnotes":""},"class_list":["post-20271","page","type-page","status-publish","hentry"],"aioseo_notices":[],"uagb_featured_image_src":{"full":false,"thumbnail":false,"medium":false,"medium_large":false,"large":false,"1536x1536":false,"2048x2048":false},"uagb_author_info":{"display_name":"Caroline","author_link":"https:\/\/www.frenchcourses-paris.com\/fr\/author\/caroline\/"},"uagb_comment_info":0,"uagb_excerpt":null,"_links":{"self":[{"href":"https:\/\/www.frenchcourses-paris.com\/fr\/wp-json\/wp\/v2\/pages\/20271","targetHints":{"allow":["GET"]}}],"collection":[{"href":"https:\/\/www.frenchcourses-paris.com\/fr\/wp-json\/wp\/v2\/pages"}],"about":[{"href":"https:\/\/www.frenchcourses-paris.com\/fr\/wp-json\/wp\/v2\/types\/page"}],"author":[{"embeddable":true,"href":"https:\/\/www.frenchcourses-paris.com\/fr\/wp-json\/wp\/v2\/users\/3"}],"replies":[{"embeddable":true,"href":"https:\/\/www.frenchcourses-paris.com\/fr\/wp-json\/wp\/v2\/comments?post=20271"}],"version-history":[{"count":8,"href":"https:\/\/www.frenchcourses-paris.com\/fr\/wp-json\/wp\/v2\/pages\/20271\/revisions"}],"predecessor-version":[{"id":20318,"href":"https:\/\/www.frenchcourses-paris.com\/fr\/wp-json\/wp\/v2\/pages\/20271\/revisions\/20318"}],"wp:attachment":[{"href":"https:\/\/www.frenchcourses-paris.com\/fr\/wp-json\/wp\/v2\/media?parent=20271"}],"curies":[{"name":"wp","href":"https:\/\/api.w.org\/{rel}","templated":true}]}}